{"id":2835,"date":"2022-02-18T10:43:48","date_gmt":"2022-02-18T10:43:48","guid":{"rendered":"https:\/\/asiarosso.com\/domande-frequenti\/"},"modified":"2023-02-06T12:05:57","modified_gmt":"2023-02-06T12:05:57","slug":"domande-frequenti","status":"publish","type":"page","link":"https:\/\/asiarosso.com\/it\/domande-frequenti\/","title":{"rendered":"DOMANDE FREQUENTI"},"content":{"rendered":"\t\t<div data-elementor-type=\"wp-page\" data-elementor-id=\"2835\" class=\"elementor elementor-2835 elementor-2697\" data-elementor-post-type=\"page\">\n\t\t\t\t\t\t<section class=\"elementor-section elementor-top-section elementor-element elementor-element-710f7f7 elementor-section-boxed elementor-section-height-default elementor-section-height-default\" data-id=\"710f7f7\" data-element_type=\"section\">\n\t\t\t\t\t\t<div class=\"elementor-container elementor-column-gap-default\">\n\t\t\t\t\t<div class=\"elementor-column elementor-col-50 elementor-top-column elementor-element elementor-element-67a2e60\" data-id=\"67a2e60\" data-element_type=\"column\">\n\t\t\t<div class=\"elementor-widget-wrap elementor-element-populated\">\n\t\t\t\t\t\t<div class=\"elementor-element elementor-element-53b2dbe elementor-widget elementor-widget-heading\" data-id=\"53b2dbe\" data-element_type=\"widget\" data-widget_type=\"heading.default\">\n\t\t\t\t<div class=\"elementor-widget-container\">\n\t\t\t<h2 class=\"elementor-heading-title elementor-size-default\">DOMANDE FREQUENTI<\/h2>\t\t<\/div>\n\t\t\t\t<\/div>\n\t\t\t\t<div class=\"elementor-element elementor-element-9b80624 elementor-widget elementor-widget-accordion\" data-id=\"9b80624\" data-element_type=\"widget\" data-widget_type=\"accordion.default\">\n\t\t\t\t<div class=\"elementor-widget-container\">\n\t\t\t\t\t<div class=\"elementor-accordion\">\n\t\t\t\t\t\t\t<div class=\"elementor-accordion-item\">\n\t\t\t\t\t<div id=\"elementor-tab-title-1631\" class=\"elementor-tab-title\" data-tab=\"1\" role=\"button\" aria-controls=\"elementor-tab-content-1631\" aria-expanded=\"false\">\n\t\t\t\t\t\t\t\t\t\t\t\t<a class=\"elementor-accordion-title\" tabindex=\"0\">Sono un nuovo membro del tuo studio privato online, quali sono i next steps?<\/a>\n\t\t\t\t\t<\/div>\n\t\t\t\t\t<div id=\"elementor-tab-content-1631\" class=\"elementor-tab-content elementor-clearfix\" data-tab=\"1\" role=\"region\" aria-labelledby=\"elementor-tab-title-1631\"><p style=\"text-align: left;\">Appena diventi un membro, ti invier\u00f2 il pacchetto introduttivo con tutte le informazioni su come prenotare le sessioni e su come prepararti per la nostra prima counseling session. Dovrai anche compilare un modulo in modo che io possa prepararmi al meglio per la nostra prima sessione insieme. <\/p><\/div>\n\t\t\t\t<\/div>\n\t\t\t\t\t\t\t<div class=\"elementor-accordion-item\">\n\t\t\t\t\t<div id=\"elementor-tab-title-1632\" class=\"elementor-tab-title\" data-tab=\"2\" role=\"button\" aria-controls=\"elementor-tab-content-1632\" aria-expanded=\"false\">\n\t\t\t\t\t\t\t\t\t\t\t\t<a class=\"elementor-accordion-title\" tabindex=\"0\">Quanto spesso consigli di fare consulenza per ottenere i migliori risultati? <\/a>\n\t\t\t\t\t<\/div>\n\t\t\t\t\t<div id=\"elementor-tab-content-1632\" class=\"elementor-tab-content elementor-clearfix\" data-tab=\"2\" role=\"region\" aria-labelledby=\"elementor-tab-title-1632\"><p><span style=\"font-weight: 400;\">Consiglio di incontrarsi una volta al mese per rimanere &#8220;on track&#8221;. Per\u00f2 non dimenticare che ogni percorso \u00e8 unico e ti aiuter\u00f2 a capire come organizzarti al meglio per raggiungere tutti i tuoi obiettivi! <\/span><\/p><\/div>\n\t\t\t\t<\/div>\n\t\t\t\t\t\t\t<div class=\"elementor-accordion-item\">\n\t\t\t\t\t<div id=\"elementor-tab-title-1633\" class=\"elementor-tab-title\" data-tab=\"3\" role=\"button\" aria-controls=\"elementor-tab-content-1633\" aria-expanded=\"false\">\n\t\t\t\t\t\t\t\t\t\t\t\t<a class=\"elementor-accordion-title\" tabindex=\"0\">Perch\u00e9 i posti per la consulenza sono limitati? <\/a>\n\t\t\t\t\t<\/div>\n\t\t\t\t\t<div id=\"elementor-tab-content-1633\" class=\"elementor-tab-content elementor-clearfix\" data-tab=\"3\" role=\"region\" aria-labelledby=\"elementor-tab-title-1633\"><p><span style=\"font-weight: 400;\">Credetemi, mi piacerebbe poter intraprendere un percorso con ognuno di voi, ma al momento sono solo io e i giorni purtroppo hanno solo 24 ore! Inoltre il mio obiettivo \u00e8 quello di fornire un servizio di consulenza con la pi\u00f9 alta qualit\u00e0 possibile e quindi ho deciso di concentrarmi su un numero limitato di persone. Consiglio di iscriversi alla newsletter in modo da essere il primo a sapere quando si aprono nuovi posti. <\/span><\/p><\/div>\n\t\t\t\t<\/div>\n\t\t\t\t\t\t\t<div class=\"elementor-accordion-item\">\n\t\t\t\t\t<div id=\"elementor-tab-title-1634\" class=\"elementor-tab-title\" data-tab=\"4\" role=\"button\" aria-controls=\"elementor-tab-content-1634\" aria-expanded=\"false\">\n\t\t\t\t\t\t\t\t\t\t\t\t<a class=\"elementor-accordion-title\" tabindex=\"0\">Quanto costa il tuo servizio e come posso pagare? <\/a>\n\t\t\t\t\t<\/div>\n\t\t\t\t\t<div id=\"elementor-tab-content-1634\" class=\"elementor-tab-content elementor-clearfix\" data-tab=\"4\" role=\"region\" aria-labelledby=\"elementor-tab-title-1634\"><p><span style=\"font-weight: 400;\">La prima sessione costa $180, mentre tutte le sessioni successive costano $120. Una volta entrato a far parte della mia clinica online, ti invier\u00f2 un link per completare il pagamento. Puoi pagare tramite PayPal o qualsiasi carta di credito. Il pagamento deve essere effettuato prima di ogni sessione. <\/span><\/p><\/div>\n\t\t\t\t<\/div>\n\t\t\t\t\t\t\t<div class=\"elementor-accordion-item\">\n\t\t\t\t\t<div id=\"elementor-tab-title-1635\" class=\"elementor-tab-title\" data-tab=\"5\" role=\"button\" aria-controls=\"elementor-tab-content-1635\" aria-expanded=\"false\">\n\t\t\t\t\t\t\t\t\t\t\t\t<a class=\"elementor-accordion-title\" tabindex=\"0\">E se decidessi di interrompere il servizio di consulenza privata con te?<\/a>\n\t\t\t\t\t<\/div>\n\t\t\t\t\t<div id=\"elementor-tab-content-1635\" class=\"elementor-tab-content elementor-clearfix\" data-tab=\"5\" role=\"region\" aria-labelledby=\"elementor-tab-title-1635\"><p><span style=\"font-weight: 400;\">Potrai interrompere il servizio di consulenza privata con me in qualsiasi momento. Dovrai semplicemente comunicare la tua decisione durante una delle nostre sessioni o tramite e-mail. Nota che se scegli di interrompere il servizio di consulenza, perderai il tuo posto. Pertanto se decidessi di tornare e non ci sono posti disponibili, verrai inserito in lista d&#8217;attesa. <\/span><\/p><\/div>\n\t\t\t\t<\/div>\n\t\t\t\t\t\t\t<div class=\"elementor-accordion-item\">\n\t\t\t\t\t<div id=\"elementor-tab-title-1636\" class=\"elementor-tab-title\" data-tab=\"6\" role=\"button\" aria-controls=\"elementor-tab-content-1636\" aria-expanded=\"false\">\n\t\t\t\t\t\t\t\t\t\t\t\t<a class=\"elementor-accordion-title\" tabindex=\"0\">Il sito web e i fascicoli sono vegan-friendly?<\/a>\n\t\t\t\t\t<\/div>\n\t\t\t\t\t<div id=\"elementor-tab-content-1636\" class=\"elementor-tab-content elementor-clearfix\" data-tab=\"6\" role=\"region\" aria-labelledby=\"elementor-tab-title-1636\"><p><span style=\"font-weight: 400;\">Il sito e i fascicoli non promuovono una dieta vegana ma contengono diverse alternative vegan-friendly. Le ricette e i posts sul wellness sono infatti studiati per andare incontro a tutte le vostre esigenze. <\/span><\/p><\/div>\n\t\t\t\t<\/div>\n\t\t\t\t\t\t\t<div class=\"elementor-accordion-item\">\n\t\t\t\t\t<div id=\"elementor-tab-title-1637\" class=\"elementor-tab-title\" data-tab=\"7\" role=\"button\" aria-controls=\"elementor-tab-content-1637\" aria-expanded=\"false\">\n\t\t\t\t\t\t\t\t\t\t\t\t<a class=\"elementor-accordion-title\" tabindex=\"0\">I bundles sono solo in inglese?<\/a>\n\t\t\t\t\t<\/div>\n\t\t\t\t\t<div id=\"elementor-tab-content-1637\" class=\"elementor-tab-content elementor-clearfix\" data-tab=\"7\" role=\"region\" aria-labelledby=\"elementor-tab-title-1637\"><p><span style=\"font-weight: 400;\">No, puoi acquistare i bundles sia in italiano che inglese. In caso ci fosse un errore nella selezione della lingua al momento dell\u2019acquisto, contattami all&#8217;indirizzo <\/span><a href=\"mailto:contact@asiarosso.com\"><span style=\"font-weight: 400;\">contact@asiarosso.com<\/span><\/a> <span style=\"font-weight: 400;\">e ti invier\u00f2 il bundle nella lingua desiderata.<\/span><\/p><\/div>\n\t\t\t\t<\/div>\n\t\t\t\t\t\t\t\t<\/div>\n\t\t\t\t<\/div>\n\t\t\t\t<\/div>\n\t\t\t\t\t<\/div>\n\t\t<\/div>\n\t\t\t\t<div class=\"elementor-column elementor-col-50 elementor-top-column elementor-element elementor-element-93879d1\" data-id=\"93879d1\" data-element_type=\"column\">\n\t\t\t<div class=\"elementor-widget-wrap\">\n\t\t\t\t\t\t\t<\/div>\n\t\t<\/div>\n\t\t\t\t\t<\/div>\n\t\t<\/section>\n\t\t\t\t<\/div>\n\t\t","protected":false},"excerpt":{"rendered":"<p>DOMANDE FREQUENTI Sono un nuovo membro del tuo studio privato online, quali sono i next steps? Appena diventi un membro, ti invier\u00f2 il pacchetto introduttivo con tutte le informazioni su come prenotare le sessioni e su come prepararti per la nostra prima counseling session. Dovrai anche compilare un modulo in modo che io possa prepararmi [&hellip;]<\/p>\n","protected":false},"author":1,"featured_media":0,"parent":0,"menu_order":0,"comment_status":"closed","ping_status":"closed","template":"","meta":{"site-sidebar-layout":"no-sidebar","site-content-layout":"page-builder","ast-site-content-layout":"","site-content-style":"default","site-sidebar-style":"default","ast-global-header-display":"","ast-banner-title-visibility":"","ast-main-header-display":"","ast-hfb-above-header-display":"","ast-hfb-below-header-display":"","ast-hfb-mobile-header-display":"","site-post-title":"disabled","ast-breadcrumbs-content":"","ast-featured-img":"disabled","footer-sml-layout":"","theme-transparent-header-meta":"","adv-header-id-meta":"","stick-header-meta":"","header-above-stick-meta":"","header-main-stick-meta":"","header-below-stick-meta":"","astra-migrate-meta-layouts":"default","ast-page-background-enabled":"default","ast-page-background-meta":{"desktop":{"background-color":"","background-image":"","background-repeat":"repeat","background-position":"center center","background-size":"auto","background-attachment":"scroll","background-type":"","background-media":"","overlay-type":"","overlay-color":"","overlay-gradient":""},"tablet":{"background-color":"","background-image":"","background-repeat":"repeat","background-position":"center center","background-size":"auto","background-attachment":"scroll","background-type":"","background-media":"","overlay-type":"","overlay-color":"","overlay-gradient":""},"mobile":{"background-color":"","background-image":"","background-repeat":"repeat","background-position":"center center","background-size":"auto","background-attachment":"scroll","background-type":"","background-media":"","overlay-type":"","overlay-color":"","overlay-gradient":""}},"ast-content-background-meta":{"desktop":{"background-color":"var(--ast-global-color-5)","background-image":"","background-repeat":"repeat","background-position":"center center","background-size":"auto","background-attachment":"scroll","background-type":"","background-media":"","overlay-type":"","overlay-color":"","overlay-gradient":""},"tablet":{"background-color":"var(--ast-global-color-5)","background-image":"","background-repeat":"repeat","background-position":"center center","background-size":"auto","background-attachment":"scroll","background-type":"","background-media":"","overlay-type":"","overlay-color":"","overlay-gradient":""},"mobile":{"background-color":"var(--ast-global-color-5)","background-image":"","background-repeat":"repeat","background-position":"center center","background-size":"auto","background-attachment":"scroll","background-type":"","background-media":"","overlay-type":"","overlay-color":"","overlay-gradient":""}},"footnotes":""},"acf":[],"yoast_head":"<!-- This site is optimized with the Yoast SEO plugin v22.8 - https:\/\/yoast.com\/wordpress\/plugins\/seo\/ -->\n<title>DOMANDE FREQUENTI - Asia Rosso, MS, RD<\/title>\n<meta name=\"robots\" content=\"index, follow, max-snippet:-1, max-image-preview:large, max-video-preview:-1\" \/>\n<link rel=\"canonical\" href=\"https:\/\/asiarosso.com\/it\/domande-frequenti\/\" \/>\n<meta property=\"og:locale\" content=\"it_IT\" \/>\n<meta property=\"og:type\" content=\"article\" \/>\n<meta property=\"og:title\" content=\"DOMANDE FREQUENTI - Asia Rosso, MS, RD\" \/>\n<meta property=\"og:description\" content=\"DOMANDE FREQUENTI Sono un nuovo membro del tuo studio privato online, quali sono i next steps? Appena diventi un membro, ti invier\u00f2 il pacchetto introduttivo con tutte le informazioni su come prenotare le sessioni e su come prepararti per la nostra prima counseling session. Dovrai anche compilare un modulo in modo che io possa prepararmi [&hellip;]\" \/>\n<meta property=\"og:url\" content=\"https:\/\/asiarosso.com\/it\/domande-frequenti\/\" \/>\n<meta property=\"og:site_name\" content=\"Asia Rosso, MS, RD\" \/>\n<meta property=\"article:modified_time\" content=\"2023-02-06T12:05:57+00:00\" \/>\n<meta name=\"twitter:card\" content=\"summary_large_image\" \/>\n<meta name=\"twitter:label1\" content=\"Tempo di lettura stimato\" \/>\n\t<meta name=\"twitter:data1\" content=\"2 minuti\" \/>\n<script type=\"application\/ld+json\" class=\"yoast-schema-graph\">{\"@context\":\"https:\/\/schema.org\",\"@graph\":[{\"@type\":\"WebPage\",\"@id\":\"https:\/\/asiarosso.com\/it\/domande-frequenti\/\",\"url\":\"https:\/\/asiarosso.com\/it\/domande-frequenti\/\",\"name\":\"DOMANDE FREQUENTI - Asia Rosso, MS, RD\",\"isPartOf\":{\"@id\":\"https:\/\/asiarosso.com\/it\/#website\"},\"datePublished\":\"2022-02-18T10:43:48+00:00\",\"dateModified\":\"2023-02-06T12:05:57+00:00\",\"breadcrumb\":{\"@id\":\"https:\/\/asiarosso.com\/it\/domande-frequenti\/#breadcrumb\"},\"inLanguage\":\"it-IT\",\"potentialAction\":[{\"@type\":\"ReadAction\",\"target\":[\"https:\/\/asiarosso.com\/it\/domande-frequenti\/\"]}]},{\"@type\":\"BreadcrumbList\",\"@id\":\"https:\/\/asiarosso.com\/it\/domande-frequenti\/#breadcrumb\",\"itemListElement\":[{\"@type\":\"ListItem\",\"position\":1,\"name\":\"Home\",\"item\":\"https:\/\/asiarosso.com\/\"},{\"@type\":\"ListItem\",\"position\":2,\"name\":\"DOMANDE FREQUENTI\"}]},{\"@type\":\"WebSite\",\"@id\":\"https:\/\/asiarosso.com\/it\/#website\",\"url\":\"https:\/\/asiarosso.com\/it\/\",\"name\":\"Asia Rosso, MS, RD\",\"description\":\"\",\"potentialAction\":[{\"@type\":\"SearchAction\",\"target\":{\"@type\":\"EntryPoint\",\"urlTemplate\":\"https:\/\/asiarosso.com\/it\/?s={search_term_string}\"},\"query-input\":\"required name=search_term_string\"}],\"inLanguage\":\"it-IT\"}]}<\/script>\n<!-- \/ Yoast SEO plugin. -->","yoast_head_json":{"title":"DOMANDE FREQUENTI - Asia Rosso, MS, RD","robots":{"index":"index","follow":"follow","max-snippet":"max-snippet:-1","max-image-preview":"max-image-preview:large","max-video-preview":"max-video-preview:-1"},"canonical":"https:\/\/asiarosso.com\/it\/domande-frequenti\/","og_locale":"it_IT","og_type":"article","og_title":"DOMANDE FREQUENTI - Asia Rosso, MS, RD","og_description":"DOMANDE FREQUENTI Sono un nuovo membro del tuo studio privato online, quali sono i next steps? Appena diventi un membro, ti invier\u00f2 il pacchetto introduttivo con tutte le informazioni su come prenotare le sessioni e su come prepararti per la nostra prima counseling session. Dovrai anche compilare un modulo in modo che io possa prepararmi [&hellip;]","og_url":"https:\/\/asiarosso.com\/it\/domande-frequenti\/","og_site_name":"Asia Rosso, MS, RD","article_modified_time":"2023-02-06T12:05:57+00:00","twitter_card":"summary_large_image","twitter_misc":{"Tempo di lettura stimato":"2 minuti"},"schema":{"@context":"https:\/\/schema.org","@graph":[{"@type":"WebPage","@id":"https:\/\/asiarosso.com\/it\/domande-frequenti\/","url":"https:\/\/asiarosso.com\/it\/domande-frequenti\/","name":"DOMANDE FREQUENTI - Asia Rosso, MS, RD","isPartOf":{"@id":"https:\/\/asiarosso.com\/it\/#website"},"datePublished":"2022-02-18T10:43:48+00:00","dateModified":"2023-02-06T12:05:57+00:00","breadcrumb":{"@id":"https:\/\/asiarosso.com\/it\/domande-frequenti\/#breadcrumb"},"inLanguage":"it-IT","potentialAction":[{"@type":"ReadAction","target":["https:\/\/asiarosso.com\/it\/domande-frequenti\/"]}]},{"@type":"BreadcrumbList","@id":"https:\/\/asiarosso.com\/it\/domande-frequenti\/#breadcrumb","itemListElement":[{"@type":"ListItem","position":1,"name":"Home","item":"https:\/\/asiarosso.com\/"},{"@type":"ListItem","position":2,"name":"DOMANDE FREQUENTI"}]},{"@type":"WebSite","@id":"https:\/\/asiarosso.com\/it\/#website","url":"https:\/\/asiarosso.com\/it\/","name":"Asia Rosso, MS, RD","description":"","potentialAction":[{"@type":"SearchAction","target":{"@type":"EntryPoint","urlTemplate":"https:\/\/asiarosso.com\/it\/?s={search_term_string}"},"query-input":"required name=search_term_string"}],"inLanguage":"it-IT"}]}},"_links":{"self":[{"href":"https:\/\/asiarosso.com\/it\/wp-json\/wp\/v2\/pages\/2835"}],"collection":[{"href":"https:\/\/asiarosso.com\/it\/wp-json\/wp\/v2\/pages"}],"about":[{"href":"https:\/\/asiarosso.com\/it\/wp-json\/wp\/v2\/types\/page"}],"author":[{"embeddable":true,"href":"https:\/\/asiarosso.com\/it\/wp-json\/wp\/v2\/users\/1"}],"replies":[{"embeddable":true,"href":"https:\/\/asiarosso.com\/it\/wp-json\/wp\/v2\/comments?post=2835"}],"version-history":[{"count":13,"href":"https:\/\/asiarosso.com\/it\/wp-json\/wp\/v2\/pages\/2835\/revisions"}],"predecessor-version":[{"id":5976,"href":"https:\/\/asiarosso.com\/it\/wp-json\/wp\/v2\/pages\/2835\/revisions\/5976"}],"wp:attachment":[{"href":"https:\/\/asiarosso.com\/it\/wp-json\/wp\/v2\/media?parent=2835"}],"curies":[{"name":"wp","href":"https:\/\/api.w.org\/{rel}","templated":true}]}}